{"id":868,"date":"2025-04-16T21:42:23","date_gmt":"2025-04-16T21:42:23","guid":{"rendered":"https:\/\/cleangreen.hr\/?page_id=868"},"modified":"2025-05-18T22:06:04","modified_gmt":"2025-05-18T22:06:04","slug":"checkout-kontrolna-lista-za-poslovne","status":"publish","type":"page","link":"https:\/\/cleangreen.hr\/index.php\/checkout-kontrolna-lista-za-poslovne\/","title":{"rendered":"Checkout &#8211; Kontrolna lista za poslovne korisnike"},"content":{"rendered":"\t\t<div data-elementor-type=\"wp-page\" data-elementor-id=\"868\" class=\"elementor elementor-868\" data-elementor-post-type=\"page\">\n\t\t\t\t<div class=\"elementor-element elementor-element-8442a3d e-flex e-con-boxed e-con e-parent\" data-id=\"8442a3d\" data-element_type=\"container\">\n\t\t\t\t\t<div class=\"e-con-inner\">\n\t\t<div class=\"elementor-element elementor-element-c802f82 e-con-full e-flex e-con e-child\" data-id=\"c802f82\" data-element_type=\"container\">\n\t\t\t\t<div class=\"elementor-element elementor-element-957fe75 elementor-widget__width-inherit elementor-widget elementor-widget-heading\" data-id=\"957fe75\" data-element_type=\"widget\" data-widget_type=\"heading.default\">\n\t\t\t\t<div class=\"elementor-widget-container\">\n\t\t\t\t\t<h2 class=\"elementor-heading-title elementor-size-default\">Predlo\u017eak - Kontrolna lista za poslovne korisnike<\/h2>\t\t\t\t<\/div>\n\t\t\t\t<\/div>\n\t\t\t\t<div class=\"elementor-element elementor-element-873b39b elementor-widget__width-inherit elementor-widget elementor-widget-heading\" data-id=\"873b39b\" data-element_type=\"widget\" data-widget_type=\"heading.default\">\n\t\t\t\t<div class=\"elementor-widget-container\">\n\t\t\t\t\t<h2 class=\"elementor-heading-title elementor-size-default\">Cijena:<\/h2>\t\t\t\t<\/div>\n\t\t\t\t<\/div>\n\t\t\t\t<div class=\"elementor-element elementor-element-e916dff elementor-widget__width-inherit elementor-widget elementor-widget-heading\" data-id=\"e916dff\" data-element_type=\"widget\" data-widget_type=\"heading.default\">\n\t\t\t\t<div class=\"elementor-widget-container\">\n\t\t\t\t\t<h2 class=\"elementor-heading-title elementor-size-default\">10,00 \u20ac<\/h2>\t\t\t\t<\/div>\n\t\t\t\t<\/div>\n\t\t\t\t<div class=\"elementor-element elementor-element-d5a2917 elementor-widget__width-initial elementor-widget-mobile__width-inherit elementor-widget elementor-widget-text-editor\" data-id=\"d5a2917\" data-element_type=\"widget\" data-widget_type=\"text-editor.default\">\n\t\t\t\t<div class=\"elementor-widget-container\">\n\t\t\t\t\t\t\t\t\t<p>PODACI ZA UPLATU:<\/p><p><span class=\"naziv\">CLEAN GREEN, obrt za osnovno \u010di\u0161\u0107enje zgrada, vl. Ru\u017eica Ivan\u010devi\u0107<\/span><\/p><p><span class=\"naziv\"><strong>Adresa:<\/strong> PUT OD FORTICA 135, 52100 PULA<\/span><\/p><p><span class=\"naziv\"><strong>OIB:<\/strong> 35147515843<\/span><\/p><p><span class=\"naziv\"><strong>IBAN:<\/strong> HR1224070001100690168<\/span><\/p><ol><li>Ispunite obrazac pred vama kako bih vam mogla poslati podatke za uplatu.<\/li><li>Na email vam sti\u017eu podaci za uplatu.<br \/>Napomena: Ako vam email ne stigne unutar pola sata, svakako provjerite svoj SPAM folder!<\/li><li>Uplatu izvr\u0161avate na transakcijski ra\u010dun putem op\u0107e uplatnice ili mobilnog\/Internet bankarstva.<\/li><li>Po primitku uplate \u0161aljem vam pristupne podatke za kupljeni sadr\u017eaj kao i ra\u010dun za izvr\u0161enu kupnju.<\/li><li>Pristupate proizvodu i sa svojim brendom kre\u0107ete na uzbudljivo putovanje!<\/li><\/ol>\t\t\t\t\t\t\t\t<\/div>\n\t\t\t\t<\/div>\n\t\t\t\t<\/div>\n\t\t<div class=\"elementor-element elementor-element-7b8cc7c e-con-full e-flex e-con e-child\" data-id=\"7b8cc7c\" data-element_type=\"container\" data-settings=\"{&quot;background_background&quot;:&quot;classic&quot;}\">\n\t\t\t\t<div class=\"elementor-element elementor-element-29061ba elementor-widget__width-inherit elementor-widget elementor-widget-heading\" data-id=\"29061ba\" data-element_type=\"widget\" data-widget_type=\"heading.default\">\n\t\t\t\t<div class=\"elementor-widget-container\">\n\t\t\t\t\t<h2 class=\"elementor-heading-title elementor-size-default\">Podaci za naplatu<\/h2>\t\t\t\t<\/div>\n\t\t\t\t<\/div>\n\t\t\t\t<div class=\"elementor-element elementor-element-f5601f4 elementor-button-align-stretch elementor-widget elementor-widget-form\" data-id=\"f5601f4\" data-element_type=\"widget\" data-settings=\"{&quot;step_next_label&quot;:&quot;Next&quot;,&quot;step_previous_label&quot;:&quot;Previous&quot;,&quot;button_width&quot;:&quot;100&quot;,&quot;step_type&quot;:&quot;number_text&quot;,&quot;step_icon_shape&quot;:&quot;circle&quot;}\" data-widget_type=\"form.default\">\n\t\t\t\t<div class=\"elementor-widget-container\">\n\t\t\t\t\t\t\t<form class=\"elementor-form\" method=\"post\" name=\"New Form\">\n\t\t\t<input type=\"hidden\" name=\"post_id\" value=\"868\"\/>\n\t\t\t<input type=\"hidden\" name=\"form_id\" value=\"f5601f4\"\/>\n\t\t\t<input type=\"hidden\" name=\"referer_title\" value=\"Clean Green\" \/>\n\n\t\t\t\n\t\t\t<div class=\"elementor-form-fields-wrapper elementor-labels-above\">\n\t\t\t\t\t\t\t\t<div class=\"elementor-field-type-text elementor-field-group elementor-column elementor-field-group-name elementor-col-100 elementor-field-required\">\n\t\t\t\t\t\t\t\t\t\t\t\t\t<input size=\"1\" type=\"text\" name=\"form_fields[name]\" id=\"form-field-name\" class=\"elementor-field elementor-size-sm  elementor-field-textual\" placeholder=\"Ime i prezime\" required=\"required\" aria-required=\"true\">\n\t\t\t\t\t\t\t\t\t\t\t<\/div>\n\t\t\t\t\t\t\t\t<div class=\"elementor-field-type-email elementor-field-group elementor-column elementor-field-group-email elementor-col-50 elementor-field-required\">\n\t\t\t\t\t\t\t\t\t\t\t\t\t<input size=\"1\" type=\"email\" name=\"form_fields[email]\" id=\"form-field-email\" class=\"elementor-field elementor-size-sm  elementor-field-textual\" placeholder=\"Email\" required=\"required\" aria-required=\"true\">\n\t\t\t\t\t\t\t\t\t\t\t<\/div>\n\t\t\t\t\t\t\t\t<div class=\"elementor-field-type-tel elementor-field-group elementor-column elementor-field-group-field_ec32d90 elementor-col-50 elementor-field-required\">\n\t\t\t\t\t\t\t<input size=\"1\" type=\"tel\" name=\"form_fields[field_ec32d90]\" id=\"form-field-field_ec32d90\" class=\"elementor-field elementor-size-sm  elementor-field-textual\" placeholder=\"Broj telefona\" required=\"required\" aria-required=\"true\" pattern=\"[0-9()#&amp;+*-=.]+\" title=\"Only numbers and phone characters (#, -, *, etc) are accepted.\">\n\n\t\t\t\t\t\t<\/div>\n\t\t\t\t\t\t\t\t<div class=\"elementor-field-type-text elementor-field-group elementor-column elementor-field-group-field_a29e765 elementor-col-50\">\n\t\t\t\t\t\t\t\t\t\t\t\t\t<input size=\"1\" type=\"text\" name=\"form_fields[field_a29e765]\" id=\"form-field-field_a29e765\" class=\"elementor-field elementor-size-sm  elementor-field-textual\" placeholder=\"Naziv tvrtke\">\n\t\t\t\t\t\t\t\t\t\t\t<\/div>\n\t\t\t\t\t\t\t\t<div class=\"elementor-field-type-number elementor-field-group elementor-column elementor-field-group-field_b8f437e elementor-col-50\">\n\t\t\t\t\t\t\t\t<input type=\"number\" name=\"form_fields[field_b8f437e]\" id=\"form-field-field_b8f437e\" class=\"elementor-field elementor-size-sm  elementor-field-textual\" placeholder=\"OIB\" min=\"\" max=\"\" >\n\t\t\t\t\t\t<\/div>\n\t\t\t\t\t\t\t\t<div class=\"elementor-field-type-text elementor-field-group elementor-column elementor-field-group-field_59d7e08 elementor-col-50\">\n\t\t\t\t\t\t\t\t\t\t\t\t\t<input size=\"1\" type=\"text\" name=\"form_fields[field_59d7e08]\" id=\"form-field-field_59d7e08\" class=\"elementor-field elementor-size-sm  elementor-field-textual\" placeholder=\"Dr\u017eava\">\n\t\t\t\t\t\t\t\t\t\t\t<\/div>\n\t\t\t\t\t\t\t\t<div class=\"elementor-field-type-text elementor-field-group elementor-column elementor-field-group-field_a147b13 elementor-col-50\">\n\t\t\t\t\t\t\t\t\t\t\t\t\t<input size=\"1\" type=\"text\" name=\"form_fields[field_a147b13]\" id=\"form-field-field_a147b13\" class=\"elementor-field elementor-size-sm  elementor-field-textual\" placeholder=\"Grad\">\n\t\t\t\t\t\t\t\t\t\t\t<\/div>\n\t\t\t\t\t\t\t\t<div class=\"elementor-field-type-text elementor-field-group elementor-column elementor-field-group-field_5abe54c elementor-col-50\">\n\t\t\t\t\t\t\t\t\t\t\t\t\t<input size=\"1\" type=\"text\" name=\"form_fields[field_5abe54c]\" id=\"form-field-field_5abe54c\" class=\"elementor-field elementor-size-sm  elementor-field-textual\" placeholder=\"Adresa\">\n\t\t\t\t\t\t\t\t\t\t\t<\/div>\n\t\t\t\t\t\t\t\t<div class=\"elementor-field-type-text elementor-field-group elementor-column elementor-field-group-field_17b6528 elementor-col-50\">\n\t\t\t\t\t\t\t\t\t\t\t\t\t<input size=\"1\" type=\"text\" name=\"form_fields[field_17b6528]\" id=\"form-field-field_17b6528\" class=\"elementor-field elementor-size-sm  elementor-field-textual\" placeholder=\"Po\u0161tanski broj\">\n\t\t\t\t\t\t\t\t\t\t\t<\/div>\n\t\t\t\t\t\t\t\t<div class=\"elementor-field-group elementor-column elementor-field-type-submit elementor-col-100 e-form__buttons\">\n\t\t\t\t\t<button class=\"elementor-button elementor-size-sm\" type=\"submit\">\n\t\t\t\t\t\t<span class=\"elementor-button-content-wrapper\">\n\t\t\t\t\t\t\t\t\t\t\t\t\t\t\t\t\t\t\t\t\t\t<span class=\"elementor-button-text\">KUPI PROIZVOD<\/span>\n\t\t\t\t\t\t\t\t\t\t\t\t\t<\/span>\n\t\t\t\t\t<\/button>\n\t\t\t\t<\/div>\n\t\t\t<\/div>\n\t\t<\/form>\n\t\t\t\t\t\t<\/div>\n\t\t\t\t<\/div>\n\t\t\t\t<\/div>\n\t\t\t\t\t<\/div>\n\t\t\t\t<\/div>\n\t\t\t\t<\/div>\n\t\t","protected":false},"excerpt":{"rendered":"<p>Predlo\u017eak &#8211; Kontrolna lista za poslovne korisnike Cijena: 10,00 \u20ac PODACI ZA UPLATU: CLEAN GREEN, obrt za osnovno \u010di\u0161\u0107enje zgrada, vl. Ru\u017eica Ivan\u010devi\u0107 Adresa: PUT OD FORTICA 135, 52100 PULA OIB: 35147515843 IBAN: HR1224070001100690168 Ispunite obrazac pred vama kako bih vam mogla poslati podatke za uplatu. Na email vam sti\u017eu podaci za uplatu.Napomena: Ako vam [&hellip;]<\/p>\n","protected":false},"author":2,"featured_media":0,"parent":0,"menu_order":0,"comment_status":"closed","ping_status":"closed","template":"elementor_header_footer","meta":{"footnotes":""},"class_list":["post-868","page","type-page","status-publish","hentry"],"yoast_head":"<!-- This site is optimized with the Yoast SEO plugin v26.9 - https:\/\/yoast.com\/product\/yoast-seo-wordpress\/ -->\n<title>Checkout - Kontrolna lista za poslovne korisnike - Clean Green<\/title>\n<meta name=\"robots\" content=\"index, follow, max-snippet:-1, max-image-preview:large, max-video-preview:-1\" \/>\n<link rel=\"canonical\" href=\"https:\/\/cleangreen.hr\/index.php\/checkout-kontrolna-lista-za-poslovne\/\" \/>\n<meta property=\"og:locale\" content=\"hr_HR\" \/>\n<meta property=\"og:type\" content=\"article\" \/>\n<meta property=\"og:title\" content=\"Checkout - Kontrolna lista za poslovne korisnike - Clean Green\" \/>\n<meta property=\"og:description\" content=\"Predlo\u017eak &#8211; Kontrolna lista za poslovne korisnike Cijena: 10,00 \u20ac PODACI ZA UPLATU: CLEAN GREEN, obrt za osnovno \u010di\u0161\u0107enje zgrada, vl. Ru\u017eica Ivan\u010devi\u0107 Adresa: PUT OD FORTICA 135, 52100 PULA OIB: 35147515843 IBAN: HR1224070001100690168 Ispunite obrazac pred vama kako bih vam mogla poslati podatke za uplatu. Na email vam sti\u017eu podaci za uplatu.Napomena: Ako vam [&hellip;]\" \/>\n<meta property=\"og:url\" content=\"https:\/\/cleangreen.hr\/index.php\/checkout-kontrolna-lista-za-poslovne\/\" \/>\n<meta property=\"og:site_name\" content=\"Clean Green\" \/>\n<meta property=\"article:publisher\" content=\"https:\/\/www.facebook.com\/people\/Clean-Green\/61557228516021\/\" \/>\n<meta property=\"article:modified_time\" content=\"2025-05-18T22:06:04+00:00\" \/>\n<meta property=\"og:image\" content=\"https:\/\/cleangreen.hr\/wp-content\/uploads\/2024\/03\/logo-novo2.png\" \/>\n\t<meta property=\"og:image:width\" content=\"158\" \/>\n\t<meta property=\"og:image:height\" content=\"100\" \/>\n\t<meta property=\"og:image:type\" content=\"image\/png\" \/>\n<meta name=\"twitter:card\" content=\"summary_large_image\" \/>\n<meta name=\"twitter:label1\" content=\"Procijenjeno vrijeme \u010ditanja\" \/>\n\t<meta name=\"twitter:data1\" content=\"1 minuta\" \/>\n<script type=\"application\/ld+json\" class=\"yoast-schema-graph\">{\"@context\":\"https:\/\/schema.org\",\"@graph\":[{\"@type\":\"WebPage\",\"@id\":\"https:\/\/cleangreen.hr\/index.php\/checkout-kontrolna-lista-za-poslovne\/\",\"url\":\"https:\/\/cleangreen.hr\/index.php\/checkout-kontrolna-lista-za-poslovne\/\",\"name\":\"Checkout - Kontrolna lista za poslovne korisnike - Clean Green\",\"isPartOf\":{\"@id\":\"https:\/\/cleangreen.hr\/#website\"},\"datePublished\":\"2025-04-16T21:42:23+00:00\",\"dateModified\":\"2025-05-18T22:06:04+00:00\",\"breadcrumb\":{\"@id\":\"https:\/\/cleangreen.hr\/index.php\/checkout-kontrolna-lista-za-poslovne\/#breadcrumb\"},\"inLanguage\":\"hr\",\"potentialAction\":[{\"@type\":\"ReadAction\",\"target\":[\"https:\/\/cleangreen.hr\/index.php\/checkout-kontrolna-lista-za-poslovne\/\"]}]},{\"@type\":\"BreadcrumbList\",\"@id\":\"https:\/\/cleangreen.hr\/index.php\/checkout-kontrolna-lista-za-poslovne\/#breadcrumb\",\"itemListElement\":[{\"@type\":\"ListItem\",\"position\":1,\"name\":\"Po\u010detna stranica\",\"item\":\"https:\/\/cleangreen.hr\/\"},{\"@type\":\"ListItem\",\"position\":2,\"name\":\"Checkout &#8211; Kontrolna lista za poslovne korisnike\"}]},{\"@type\":\"WebSite\",\"@id\":\"https:\/\/cleangreen.hr\/#website\",\"url\":\"https:\/\/cleangreen.hr\/\",\"name\":\"Clean Green\",\"description\":\"\",\"publisher\":{\"@id\":\"https:\/\/cleangreen.hr\/#organization\"},\"potentialAction\":[{\"@type\":\"SearchAction\",\"target\":{\"@type\":\"EntryPoint\",\"urlTemplate\":\"https:\/\/cleangreen.hr\/?s={search_term_string}\"},\"query-input\":{\"@type\":\"PropertyValueSpecification\",\"valueRequired\":true,\"valueName\":\"search_term_string\"}}],\"inLanguage\":\"hr\"},{\"@type\":\"Organization\",\"@id\":\"https:\/\/cleangreen.hr\/#organization\",\"name\":\"Clean Green\",\"url\":\"https:\/\/cleangreen.hr\/\",\"logo\":{\"@type\":\"ImageObject\",\"inLanguage\":\"hr\",\"@id\":\"https:\/\/cleangreen.hr\/#\/schema\/logo\/image\/\",\"url\":\"https:\/\/cleangreen.hr\/wp-content\/uploads\/2024\/03\/logo-novo2.png\",\"contentUrl\":\"https:\/\/cleangreen.hr\/wp-content\/uploads\/2024\/03\/logo-novo2.png\",\"width\":158,\"height\":100,\"caption\":\"Clean Green\"},\"image\":{\"@id\":\"https:\/\/cleangreen.hr\/#\/schema\/logo\/image\/\"},\"sameAs\":[\"https:\/\/www.facebook.com\/people\/Clean-Green\/61557228516021\/\"]}]}<\/script>\n<!-- \/ Yoast SEO plugin. -->","yoast_head_json":{"title":"Checkout - Kontrolna lista za poslovne korisnike - Clean Green","robots":{"index":"index","follow":"follow","max-snippet":"max-snippet:-1","max-image-preview":"max-image-preview:large","max-video-preview":"max-video-preview:-1"},"canonical":"https:\/\/cleangreen.hr\/index.php\/checkout-kontrolna-lista-za-poslovne\/","og_locale":"hr_HR","og_type":"article","og_title":"Checkout - Kontrolna lista za poslovne korisnike - Clean Green","og_description":"Predlo\u017eak &#8211; Kontrolna lista za poslovne korisnike Cijena: 10,00 \u20ac PODACI ZA UPLATU: CLEAN GREEN, obrt za osnovno \u010di\u0161\u0107enje zgrada, vl. Ru\u017eica Ivan\u010devi\u0107 Adresa: PUT OD FORTICA 135, 52100 PULA OIB: 35147515843 IBAN: HR1224070001100690168 Ispunite obrazac pred vama kako bih vam mogla poslati podatke za uplatu. Na email vam sti\u017eu podaci za uplatu.Napomena: Ako vam [&hellip;]","og_url":"https:\/\/cleangreen.hr\/index.php\/checkout-kontrolna-lista-za-poslovne\/","og_site_name":"Clean Green","article_publisher":"https:\/\/www.facebook.com\/people\/Clean-Green\/61557228516021\/","article_modified_time":"2025-05-18T22:06:04+00:00","og_image":[{"width":158,"height":100,"url":"https:\/\/cleangreen.hr\/wp-content\/uploads\/2024\/03\/logo-novo2.png","type":"image\/png"}],"twitter_card":"summary_large_image","twitter_misc":{"Procijenjeno vrijeme \u010ditanja":"1 minuta"},"schema":{"@context":"https:\/\/schema.org","@graph":[{"@type":"WebPage","@id":"https:\/\/cleangreen.hr\/index.php\/checkout-kontrolna-lista-za-poslovne\/","url":"https:\/\/cleangreen.hr\/index.php\/checkout-kontrolna-lista-za-poslovne\/","name":"Checkout - Kontrolna lista za poslovne korisnike - Clean Green","isPartOf":{"@id":"https:\/\/cleangreen.hr\/#website"},"datePublished":"2025-04-16T21:42:23+00:00","dateModified":"2025-05-18T22:06:04+00:00","breadcrumb":{"@id":"https:\/\/cleangreen.hr\/index.php\/checkout-kontrolna-lista-za-poslovne\/#breadcrumb"},"inLanguage":"hr","potentialAction":[{"@type":"ReadAction","target":["https:\/\/cleangreen.hr\/index.php\/checkout-kontrolna-lista-za-poslovne\/"]}]},{"@type":"BreadcrumbList","@id":"https:\/\/cleangreen.hr\/index.php\/checkout-kontrolna-lista-za-poslovne\/#breadcrumb","itemListElement":[{"@type":"ListItem","position":1,"name":"Po\u010detna stranica","item":"https:\/\/cleangreen.hr\/"},{"@type":"ListItem","position":2,"name":"Checkout &#8211; Kontrolna lista za poslovne korisnike"}]},{"@type":"WebSite","@id":"https:\/\/cleangreen.hr\/#website","url":"https:\/\/cleangreen.hr\/","name":"Clean Green","description":"","publisher":{"@id":"https:\/\/cleangreen.hr\/#organization"},"potentialAction":[{"@type":"SearchAction","target":{"@type":"EntryPoint","urlTemplate":"https:\/\/cleangreen.hr\/?s={search_term_string}"},"query-input":{"@type":"PropertyValueSpecification","valueRequired":true,"valueName":"search_term_string"}}],"inLanguage":"hr"},{"@type":"Organization","@id":"https:\/\/cleangreen.hr\/#organization","name":"Clean Green","url":"https:\/\/cleangreen.hr\/","logo":{"@type":"ImageObject","inLanguage":"hr","@id":"https:\/\/cleangreen.hr\/#\/schema\/logo\/image\/","url":"https:\/\/cleangreen.hr\/wp-content\/uploads\/2024\/03\/logo-novo2.png","contentUrl":"https:\/\/cleangreen.hr\/wp-content\/uploads\/2024\/03\/logo-novo2.png","width":158,"height":100,"caption":"Clean Green"},"image":{"@id":"https:\/\/cleangreen.hr\/#\/schema\/logo\/image\/"},"sameAs":["https:\/\/www.facebook.com\/people\/Clean-Green\/61557228516021\/"]}]}},"_links":{"self":[{"href":"https:\/\/cleangreen.hr\/index.php\/wp-json\/wp\/v2\/pages\/868","targetHints":{"allow":["GET"]}}],"collection":[{"href":"https:\/\/cleangreen.hr\/index.php\/wp-json\/wp\/v2\/pages"}],"about":[{"href":"https:\/\/cleangreen.hr\/index.php\/wp-json\/wp\/v2\/types\/page"}],"author":[{"embeddable":true,"href":"https:\/\/cleangreen.hr\/index.php\/wp-json\/wp\/v2\/users\/2"}],"replies":[{"embeddable":true,"href":"https:\/\/cleangreen.hr\/index.php\/wp-json\/wp\/v2\/comments?post=868"}],"version-history":[{"count":20,"href":"https:\/\/cleangreen.hr\/index.php\/wp-json\/wp\/v2\/pages\/868\/revisions"}],"predecessor-version":[{"id":2038,"href":"https:\/\/cleangreen.hr\/index.php\/wp-json\/wp\/v2\/pages\/868\/revisions\/2038"}],"wp:attachment":[{"href":"https:\/\/cleangreen.hr\/index.php\/wp-json\/wp\/v2\/media?parent=868"}],"curies":[{"name":"wp","href":"https:\/\/api.w.org\/{rel}","templated":true}]}}