{"id":8,"date":"2024-03-25T09:45:55","date_gmt":"2024-03-25T09:45:55","guid":{"rendered":"https:\/\/cleangreen.hr\/?page_id=8"},"modified":"2024-09-29T13:09:12","modified_gmt":"2024-09-29T13:09:12","slug":"clean-green","status":"publish","type":"page","link":"https:\/\/cleangreen.hr\/index.php\/clean-green\/","title":{"rendered":"CLEAN GREEN"},"content":{"rendered":"\t\t<div data-elementor-type=\"wp-page\" data-elementor-id=\"8\" class=\"elementor elementor-8\" data-elementor-post-type=\"page\">\n\t\t\t\t\t\t<section class=\"elementor-section elementor-top-section elementor-element elementor-element-290b683 elementor-section-full_width elementor-section-height-full elementor-section-items-stretch elementor-section-height-default\" data-id=\"290b683\" data-element_type=\"section\">\n\t\t\t\t\t\t<div class=\"elementor-container elementor-column-gap-default\">\n\t\t\t\t\t<div class=\"elementor-column elementor-col-50 elementor-top-column elementor-element elementor-element-d1df513\" data-id=\"d1df513\" data-element_type=\"column\" data-settings=\"{&quot;background_background&quot;:&quot;slideshow&quot;,&quot;background_slideshow_gallery&quot;:[{&quot;id&quot;:45,&quot;url&quot;:&quot;https:\\\/\\\/cleangreen.hr\\\/wp-content\\\/uploads\\\/2024\\\/03\\\/full-shot-people-cleaning-office-3-scaled.jpg&quot;},{&quot;id&quot;:36,&quot;url&quot;:&quot;https:\\\/\\\/cleangreen.hr\\\/wp-content\\\/uploads\\\/2024\\\/03\\\/full-shot-people-cleaning-office-copy-scaled.jpg&quot;}],&quot;background_slideshow_slide_duration&quot;:4000,&quot;background_slideshow_transition_duration&quot;:900,&quot;background_slideshow_ken_burns&quot;:&quot;yes&quot;,&quot;background_slideshow_loop&quot;:&quot;yes&quot;,&quot;background_slideshow_slide_transition&quot;:&quot;fade&quot;,&quot;background_slideshow_ken_burns_zoom_direction&quot;:&quot;in&quot;}\">\n\t\t\t<div class=\"elementor-widget-wrap elementor-element-populated\">\n\t\t\t\t\t<div class=\"elementor-background-overlay\"><\/div>\n\t\t\t\t\t\t<div class=\"elementor-element elementor-element-49f8cf6 elementor-widget elementor-widget-heading\" data-id=\"49f8cf6\" data-element_type=\"widget\" data-widget_type=\"heading.default\">\n\t\t\t\t<div class=\"elementor-widget-container\">\n\t\t\t\t\t<h2 class=\"elementor-heading-title elementor-size-default\">Trebate \u010di\u0161\u0107enje ?<\/h2>\t\t\t\t<\/div>\n\t\t\t\t<\/div>\n\t\t\t\t<div class=\"elementor-element elementor-element-6fe535e elementor-widget elementor-widget-image\" data-id=\"6fe535e\" data-element_type=\"widget\" data-widget_type=\"image.default\">\n\t\t\t\t<div class=\"elementor-widget-container\">\n\t\t\t\t\t\t\t\t\t\t\t\t\t\t\t<img decoding=\"async\" width=\"158\" height=\"100\" src=\"https:\/\/cleangreen.hr\/wp-content\/uploads\/2024\/03\/logo-novo2-\u2013-kopija.png\" class=\"attachment-full size-full wp-image-16\" alt=\"\" \/>\t\t\t\t\t\t\t\t\t\t\t\t\t\t\t<\/div>\n\t\t\t\t<\/div>\n\t\t\t\t\t<\/div>\n\t\t<\/div>\n\t\t\t\t<div class=\"elementor-column elementor-col-50 elementor-top-column elementor-element elementor-element-6c31049\" data-id=\"6c31049\" data-element_type=\"column\" data-settings=\"{&quot;background_background&quot;:&quot;classic&quot;}\">\n\t\t\t<div class=\"elementor-widget-wrap elementor-element-populated\">\n\t\t\t\t\t<div class=\"elementor-background-overlay\"><\/div>\n\t\t\t\t\t\t<div class=\"elementor-element elementor-element-0933f81 elementor-widget elementor-widget-heading\" data-id=\"0933f81\" data-element_type=\"widget\" data-widget_type=\"heading.default\">\n\t\t\t\t<div class=\"elementor-widget-container\">\n\t\t\t\t\t<h2 class=\"elementor-heading-title elementor-size-default\">CLEAN GREEN <\/h2>\t\t\t\t<\/div>\n\t\t\t\t<\/div>\n\t\t\t\t<div class=\"elementor-element elementor-element-7b71d43 elementor-widget elementor-widget-heading\" data-id=\"7b71d43\" data-element_type=\"widget\" data-widget_type=\"heading.default\">\n\t\t\t\t<div class=\"elementor-widget-container\">\n\t\t\t\t\t<h2 class=\"elementor-heading-title elementor-size-default\">obrt za osnovno \u010di\u0161\u0107enje zgrada<\/h2>\t\t\t\t<\/div>\n\t\t\t\t<\/div>\n\t\t\t\t<div class=\"elementor-element elementor-element-35b6b88 elementor-widget elementor-widget-heading\" data-id=\"35b6b88\" data-element_type=\"widget\" data-widget_type=\"heading.default\">\n\t\t\t\t<div class=\"elementor-widget-container\">\n\t\t\t\t\t<h2 class=\"elementor-heading-title elementor-size-default\">informacije i kontakt<\/h2>\t\t\t\t<\/div>\n\t\t\t\t<\/div>\n\t\t\t\t<div class=\"elementor-element elementor-element-43995c1 elementor-widget-divider--view-line elementor-widget elementor-widget-divider\" data-id=\"43995c1\" data-element_type=\"widget\" data-widget_type=\"divider.default\">\n\t\t\t\t<div class=\"elementor-widget-container\">\n\t\t\t\t\t\t\t<div class=\"elementor-divider\">\n\t\t\t<span class=\"elementor-divider-separator\">\n\t\t\t\t\t\t<\/span>\n\t\t<\/div>\n\t\t\t\t\t\t<\/div>\n\t\t\t\t<\/div>\n\t\t\t\t<section class=\"elementor-section elementor-inner-section elementor-element elementor-element-1a01aad elementor-section-full_width elementor-section-height-default elementor-section-height-default\" data-id=\"1a01aad\" data-element_type=\"section\">\n\t\t\t\t\t\t<div class=\"elementor-container elementor-column-gap-no\">\n\t\t\t\t\t<div class=\"elementor-column elementor-col-50 elementor-inner-column elementor-element elementor-element-b7130fd\" data-id=\"b7130fd\" data-element_type=\"column\">\n\t\t\t<div class=\"elementor-widget-wrap elementor-element-populated\">\n\t\t\t\t\t\t<div class=\"elementor-element elementor-element-f17fdab elementor-icon-list--layout-traditional elementor-list-item-link-full_width elementor-widget elementor-widget-icon-list\" data-id=\"f17fdab\" data-element_type=\"widget\" data-widget_type=\"icon-list.default\">\n\t\t\t\t<div class=\"elementor-widget-container\">\n\t\t\t\t\t\t\t<ul class=\"elementor-icon-list-items\">\n\t\t\t\t\t\t\t<li class=\"elementor-icon-list-item\">\n\t\t\t\t\t\t\t\t\t\t\t<a href=\"https:\/\/maps.app.goo.gl\/Q4Y8ePbEmnuudHxU8\" target=\"_blank\">\n\n\t\t\t\t\t\t\t\t\t\t\t<span class=\"elementor-icon-list-text\">Put od Fortica 135, Pula Istarska<\/span>\n\t\t\t\t\t\t\t\t\t\t\t<\/a>\n\t\t\t\t\t\t\t\t\t<\/li>\n\t\t\t\t\t\t\t\t<li class=\"elementor-icon-list-item\">\n\t\t\t\t\t\t\t\t\t\t\t<a href=\"mailto:info@cleangreen.hr\">\n\n\t\t\t\t\t\t\t\t\t\t\t<span class=\"elementor-icon-list-text\">info@cleangreen.hr<\/span>\n\t\t\t\t\t\t\t\t\t\t\t<\/a>\n\t\t\t\t\t\t\t\t\t<\/li>\n\t\t\t\t\t\t\t\t<li class=\"elementor-icon-list-item\">\n\t\t\t\t\t\t\t\t\t\t\t<a href=\"tel:+385923701359\">\n\n\t\t\t\t\t\t\t\t\t\t\t<span class=\"elementor-icon-list-text\">+385 92 370 1359<\/span>\n\t\t\t\t\t\t\t\t\t\t\t<\/a>\n\t\t\t\t\t\t\t\t\t<\/li>\n\t\t\t\t\t\t<\/ul>\n\t\t\t\t\t\t<\/div>\n\t\t\t\t<\/div>\n\t\t\t\t\t<\/div>\n\t\t<\/div>\n\t\t\t\t<div class=\"elementor-column elementor-col-50 elementor-inner-column elementor-element elementor-element-4129ea0\" data-id=\"4129ea0\" data-element_type=\"column\">\n\t\t\t<div class=\"elementor-widget-wrap elementor-element-populated\">\n\t\t\t\t\t\t<div class=\"elementor-element elementor-element-4fc483f elementor-widget elementor-widget-heading\" data-id=\"4fc483f\" data-element_type=\"widget\" data-widget_type=\"heading.default\">\n\t\t\t\t<div class=\"elementor-widget-container\">\n\t\t\t\t\t<h2 class=\"elementor-heading-title elementor-size-default\">pratite nas<\/h2>\t\t\t\t<\/div>\n\t\t\t\t<\/div>\n\t\t\t\t<div class=\"elementor-element elementor-element-6fef2cc elementor-shape-square e-grid-align-right e-grid-align-mobile-left elementor-grid-0 elementor-widget elementor-widget-social-icons\" data-id=\"6fef2cc\" data-element_type=\"widget\" data-widget_type=\"social-icons.default\">\n\t\t\t\t<div class=\"elementor-widget-container\">\n\t\t\t\t\t\t\t<div class=\"elementor-social-icons-wrapper elementor-grid\">\n\t\t\t\t\t\t\t<span class=\"elementor-grid-item\">\n\t\t\t\t\t<a class=\"elementor-icon elementor-social-icon elementor-social-icon-facebook elementor-repeater-item-be164d7\" href=\"https:\/\/www.facebook.com\/profile.php?id=61557228516021\" target=\"_blank\">\n\t\t\t\t\t\t<span class=\"elementor-screen-only\">Facebook<\/span>\n\t\t\t\t\t\t<svg class=\"e-font-icon-svg e-fab-facebook\" viewBox=\"0 0 512 512\" xmlns=\"http:\/\/www.w3.org\/2000\/svg\"><path d=\"M504 256C504 119 393 8 256 8S8 119 8 256c0 123.78 90.69 226.38 209.25 245V327.69h-63V256h63v-54.64c0-62.15 37-96.48 93.67-96.48 27.14 0 55.52 4.84 55.52 4.84v61h-31.28c-30.8 0-40.41 19.12-40.41 38.73V256h68.78l-11 71.69h-57.78V501C413.31 482.38 504 379.78 504 256z\"><\/path><\/svg>\t\t\t\t\t<\/a>\n\t\t\t\t<\/span>\n\t\t\t\t\t\t\t<span class=\"elementor-grid-item\">\n\t\t\t\t\t<a class=\"elementor-icon elementor-social-icon elementor-social-icon-instagram elementor-repeater-item-eb01848\" href=\"https:\/\/www.instagram.com\/clean_green_pula\/?igsh=czl3aXU0emR4Z3gz\" target=\"_blank\">\n\t\t\t\t\t\t<span class=\"elementor-screen-only\">Instagram<\/span>\n\t\t\t\t\t\t<svg class=\"e-font-icon-svg e-fab-instagram\" viewBox=\"0 0 448 512\" xmlns=\"http:\/\/www.w3.org\/2000\/svg\"><path d=\"M224.1 141c-63.6 0-114.9 51.3-114.9 114.9s51.3 114.9 114.9 114.9S339 319.5 339 255.9 287.7 141 224.1 141zm0 189.6c-41.1 0-74.7-33.5-74.7-74.7s33.5-74.7 74.7-74.7 74.7 33.5 74.7 74.7-33.6 74.7-74.7 74.7zm146.4-194.3c0 14.9-12 26.8-26.8 26.8-14.9 0-26.8-12-26.8-26.8s12-26.8 26.8-26.8 26.8 12 26.8 26.8zm76.1 27.2c-1.7-35.9-9.9-67.7-36.2-93.9-26.2-26.2-58-34.4-93.9-36.2-37-2.1-147.9-2.1-184.9 0-35.8 1.7-67.6 9.9-93.9 36.1s-34.4 58-36.2 93.9c-2.1 37-2.1 147.9 0 184.9 1.7 35.9 9.9 67.7 36.2 93.9s58 34.4 93.9 36.2c37 2.1 147.9 2.1 184.9 0 35.9-1.7 67.7-9.9 93.9-36.2 26.2-26.2 34.4-58 36.2-93.9 2.1-37 2.1-147.8 0-184.8zM398.8 388c-7.8 19.6-22.9 34.7-42.6 42.6-29.5 11.7-99.5 9-132.1 9s-102.7 2.6-132.1-9c-19.6-7.8-34.7-22.9-42.6-42.6-11.7-29.5-9-99.5-9-132.1s-2.6-102.7 9-132.1c7.8-19.6 22.9-34.7 42.6-42.6 29.5-11.7 99.5-9 132.1-9s102.7-2.6 132.1 9c19.6 7.8 34.7 22.9 42.6 42.6 11.7 29.5 9 99.5 9 132.1s2.7 102.7-9 132.1z\"><\/path><\/svg>\t\t\t\t\t<\/a>\n\t\t\t\t<\/span>\n\t\t\t\t\t<\/div>\n\t\t\t\t\t\t<\/div>\n\t\t\t\t<\/div>\n\t\t\t\t\t<\/div>\n\t\t<\/div>\n\t\t\t\t\t<\/div>\n\t\t<\/section>\n\t\t\t\t\t<\/div>\n\t\t<\/div>\n\t\t\t\t\t<\/div>\n\t\t<\/section>\n\t\t<div class=\"elementor-element elementor-element-147d2b1 e-flex e-con-boxed e-con e-parent\" data-id=\"147d2b1\" data-element_type=\"container\" data-settings=\"{&quot;background_background&quot;:&quot;gradient&quot;,&quot;shape_divider_top&quot;:&quot;opacity-fan&quot;}\">\n\t\t\t\t\t<div class=\"e-con-inner\">\n\t\t\t\t<div class=\"elementor-shape elementor-shape-top\" data-negative=\"false\">\n\t\t\t<svg xmlns=\"http:\/\/www.w3.org\/2000\/svg\" viewBox=\"0 0 283.5 19.6\" preserveAspectRatio=\"none\">\n\t<path class=\"elementor-shape-fill\" style=\"opacity:0.33\" d=\"M0 0L0 18.8 141.8 4.1 283.5 18.8 283.5 0z\"\/>\n\t<path class=\"elementor-shape-fill\" style=\"opacity:0.33\" d=\"M0 0L0 12.6 141.8 4 283.5 12.6 283.5 0z\"\/>\n\t<path class=\"elementor-shape-fill\" style=\"opacity:0.33\" d=\"M0 0L0 6.4 141.8 4 283.5 6.4 283.5 0z\"\/>\n\t<path class=\"elementor-shape-fill\" d=\"M0 0L0 1.2 141.8 4 283.5 1.2 283.5 0z\"\/>\n<\/svg>\t\t<\/div>\n\t\t\t\t<div class=\"elementor-element elementor-element-333b803 elementor-widget elementor-widget-heading\" data-id=\"333b803\" data-element_type=\"widget\" data-widget_type=\"heading.default\">\n\t\t\t\t<div class=\"elementor-widget-container\">\n\t\t\t\t\t<h2 class=\"elementor-heading-title elementor-size-default\">Dobrodo\u0161li na na\u0161u stranicu!\n\n<\/h2>\t\t\t\t<\/div>\n\t\t\t\t<\/div>\n\t\t\t\t\t<\/div>\n\t\t\t\t<\/div>\n\t\t<div class=\"elementor-element elementor-element-7a9fec0 e-flex e-con-boxed e-con e-parent\" data-id=\"7a9fec0\" data-element_type=\"container\" data-settings=\"{&quot;background_background&quot;:&quot;gradient&quot;}\">\n\t\t\t\t\t<div class=\"e-con-inner\">\n\t\t\t\t<div class=\"elementor-element elementor-element-f2aa103 elementor-widget elementor-widget-text-editor\" data-id=\"f2aa103\" data-element_type=\"widget\" data-widget_type=\"text-editor.default\">\n\t\t\t\t<div class=\"elementor-widget-container\">\n\t\t\t\t\t\t\t\t\t<p>Clean Green specijaliziran je za pru\u017eanje usluga \u010di\u0161\u0107enja i edukacija koje \u0107e vam pomo\u0107i da startate profitabilno u biznis \u010di\u0161\u0107enja. Bez obzira na to trebate li profesionalnu uslugu \u010di\u0161\u0107enja ili \u017eelite nau\u010diti kako sami posti\u0107i vrhunske rezultate, mi smo ovdje za vas!<\/p>\t\t\t\t\t\t\t\t<\/div>\n\t\t\t\t<\/div>\n\t\t\t\t<div class=\"elementor-element elementor-element-15e6573 elementor-widget elementor-widget-text-editor\" data-id=\"15e6573\" data-element_type=\"widget\" data-widget_type=\"text-editor.default\">\n\t\t\t\t<div class=\"elementor-widget-container\">\n\t\t\t\t\t\t\t\t\t<p>\u010cisto\u0107a je na\u0161a strast, a znanje na\u0161a mo\u0107!<\/p>\t\t\t\t\t\t\t\t<\/div>\n\t\t\t\t<\/div>\n\t\t\t\t\t<\/div>\n\t\t\t\t<\/div>\n\t\t<div class=\"elementor-element elementor-element-2a7cdcc e-flex e-con-boxed e-con e-parent\" data-id=\"2a7cdcc\" data-element_type=\"container\" data-settings=\"{&quot;background_background&quot;:&quot;gradient&quot;}\">\n\t\t\t\t\t<div class=\"e-con-inner\">\n\t\t\t\t<div class=\"elementor-element elementor-element-3cc87a7 elementor-widget elementor-widget-text-editor\" data-id=\"3cc87a7\" data-element_type=\"widget\" data-widget_type=\"text-editor.default\">\n\t\t\t\t<div class=\"elementor-widget-container\">\n\t\t\t\t\t\t\t\t\t<h3><strong>Za\u0161to odabrati Clean Green?<\/strong><\/h3><ul><li><strong>Stru\u010dnost i iskustvo<\/strong>:\u00a0 Dugogodi\u0161nje iskustvo u podru\u010dju \u010di\u0161\u0107enja i edukacije.<\/li><li><strong>Prilago\u0111eni pristup<\/strong>: Svi na\u0161i programi osmi\u0161ljeni su kako bi zadovoljili va\u0161e specifi\u010dne potrebe.<\/li><li><strong>Kvaliteta<\/strong>: Kori\u0161tenjem najnovijih tehnologija i ekolo\u0161ki prihvatljivih sredstava, garantiramo visokokvalitetne rezultate.<\/li><\/ul>\t\t\t\t\t\t\t\t<\/div>\n\t\t\t\t<\/div>\n\t\t\t\t<div class=\"elementor-element elementor-element-05bdff4 elementor-widget elementor-widget-text-editor\" data-id=\"05bdff4\" data-element_type=\"widget\" data-widget_type=\"text-editor.default\">\n\t\t\t\t<div class=\"elementor-widget-container\">\n\t\t\t\t\t\t\t\t\t<h3><strong>Kontaktirajte nas<\/strong><\/h3><p>Zanima vas vi\u0161e o na\u0161im uslugama ili edukacijama? Kontaktirajte nas danas i otkrijte kako vam mo\u017eemo pomo\u0107i .<\/p>\t\t\t\t\t\t\t\t<\/div>\n\t\t\t\t<\/div>\n\t\t\t\t\t<\/div>\n\t\t\t\t<\/div>\n\t\t\t\t<\/div>\n\t\t","protected":false},"excerpt":{"rendered":"<p>Trebate \u010di\u0161\u0107enje ? CLEAN GREEN obrt za osnovno \u010di\u0161\u0107enje zgrada informacije i kontakt Put od Fortica 135, Pula Istarska info@cleangreen.hr +385 92 370 1359 pratite nas Facebook Instagram Dobrodo\u0161li na na\u0161u stranicu! Clean Green specijaliziran je za pru\u017eanje usluga \u010di\u0161\u0107enja i edukacija koje \u0107e vam pomo\u0107i da startate profitabilno u biznis \u010di\u0161\u0107enja. Bez obzira na [&hellip;]<\/p>\n","protected":false},"author":1,"featured_media":0,"parent":0,"menu_order":0,"comment_status":"closed","ping_status":"closed","template":"elementor_header_footer","meta":{"footnotes":""},"class_list":["post-8","page","type-page","status-publish","hentry"],"yoast_head":"<!-- This site is optimized with the Yoast SEO plugin v26.9 - https:\/\/yoast.com\/product\/yoast-seo-wordpress\/ -->\n<title>CLEAN GREEN - Clean Green<\/title>\n<meta name=\"robots\" content=\"index, follow, max-snippet:-1, max-image-preview:large, max-video-preview:-1\" \/>\n<link rel=\"canonical\" href=\"https:\/\/cleangreen.hr\/index.php\/clean-green\/\" \/>\n<meta property=\"og:locale\" content=\"hr_HR\" \/>\n<meta property=\"og:type\" content=\"article\" \/>\n<meta property=\"og:title\" content=\"CLEAN GREEN - Clean Green\" \/>\n<meta property=\"og:description\" content=\"Trebate \u010di\u0161\u0107enje ? CLEAN GREEN obrt za osnovno \u010di\u0161\u0107enje zgrada informacije i kontakt Put od Fortica 135, Pula Istarska info@cleangreen.hr +385 92 370 1359 pratite nas Facebook Instagram Dobrodo\u0161li na na\u0161u stranicu! Clean Green specijaliziran je za pru\u017eanje usluga \u010di\u0161\u0107enja i edukacija koje \u0107e vam pomo\u0107i da startate profitabilno u biznis \u010di\u0161\u0107enja. Bez obzira na [&hellip;]\" \/>\n<meta property=\"og:url\" content=\"https:\/\/cleangreen.hr\/index.php\/clean-green\/\" \/>\n<meta property=\"og:site_name\" content=\"Clean Green\" \/>\n<meta property=\"article:publisher\" content=\"https:\/\/www.facebook.com\/people\/Clean-Green\/61557228516021\/\" \/>\n<meta property=\"article:modified_time\" content=\"2024-09-29T13:09:12+00:00\" \/>\n<meta property=\"og:image\" content=\"https:\/\/cleangreen.hr\/wp-content\/uploads\/2024\/03\/logo-novo2.png\" \/>\n\t<meta property=\"og:image:width\" content=\"158\" \/>\n\t<meta property=\"og:image:height\" content=\"100\" \/>\n\t<meta property=\"og:image:type\" content=\"image\/png\" \/>\n<meta name=\"twitter:card\" content=\"summary_large_image\" \/>\n<meta name=\"twitter:label1\" content=\"Procijenjeno vrijeme \u010ditanja\" \/>\n\t<meta name=\"twitter:data1\" content=\"1 minuta\" \/>\n<script type=\"application\/ld+json\" class=\"yoast-schema-graph\">{\"@context\":\"https:\/\/schema.org\",\"@graph\":[{\"@type\":\"WebPage\",\"@id\":\"https:\/\/cleangreen.hr\/index.php\/clean-green\/\",\"url\":\"https:\/\/cleangreen.hr\/index.php\/clean-green\/\",\"name\":\"CLEAN GREEN - Clean Green\",\"isPartOf\":{\"@id\":\"https:\/\/cleangreen.hr\/#website\"},\"datePublished\":\"2024-03-25T09:45:55+00:00\",\"dateModified\":\"2024-09-29T13:09:12+00:00\",\"breadcrumb\":{\"@id\":\"https:\/\/cleangreen.hr\/index.php\/clean-green\/#breadcrumb\"},\"inLanguage\":\"hr\",\"potentialAction\":[{\"@type\":\"ReadAction\",\"target\":[\"https:\/\/cleangreen.hr\/index.php\/clean-green\/\"]}]},{\"@type\":\"BreadcrumbList\",\"@id\":\"https:\/\/cleangreen.hr\/index.php\/clean-green\/#breadcrumb\",\"itemListElement\":[{\"@type\":\"ListItem\",\"position\":1,\"name\":\"Po\u010detna stranica\",\"item\":\"https:\/\/cleangreen.hr\/\"},{\"@type\":\"ListItem\",\"position\":2,\"name\":\"CLEAN GREEN\"}]},{\"@type\":\"WebSite\",\"@id\":\"https:\/\/cleangreen.hr\/#website\",\"url\":\"https:\/\/cleangreen.hr\/\",\"name\":\"Clean Green\",\"description\":\"\",\"publisher\":{\"@id\":\"https:\/\/cleangreen.hr\/#organization\"},\"potentialAction\":[{\"@type\":\"SearchAction\",\"target\":{\"@type\":\"EntryPoint\",\"urlTemplate\":\"https:\/\/cleangreen.hr\/?s={search_term_string}\"},\"query-input\":{\"@type\":\"PropertyValueSpecification\",\"valueRequired\":true,\"valueName\":\"search_term_string\"}}],\"inLanguage\":\"hr\"},{\"@type\":\"Organization\",\"@id\":\"https:\/\/cleangreen.hr\/#organization\",\"name\":\"Clean Green\",\"url\":\"https:\/\/cleangreen.hr\/\",\"logo\":{\"@type\":\"ImageObject\",\"inLanguage\":\"hr\",\"@id\":\"https:\/\/cleangreen.hr\/#\/schema\/logo\/image\/\",\"url\":\"https:\/\/cleangreen.hr\/wp-content\/uploads\/2024\/03\/logo-novo2.png\",\"contentUrl\":\"https:\/\/cleangreen.hr\/wp-content\/uploads\/2024\/03\/logo-novo2.png\",\"width\":158,\"height\":100,\"caption\":\"Clean Green\"},\"image\":{\"@id\":\"https:\/\/cleangreen.hr\/#\/schema\/logo\/image\/\"},\"sameAs\":[\"https:\/\/www.facebook.com\/people\/Clean-Green\/61557228516021\/\"]}]}<\/script>\n<!-- \/ Yoast SEO plugin. -->","yoast_head_json":{"title":"CLEAN GREEN - Clean Green","robots":{"index":"index","follow":"follow","max-snippet":"max-snippet:-1","max-image-preview":"max-image-preview:large","max-video-preview":"max-video-preview:-1"},"canonical":"https:\/\/cleangreen.hr\/index.php\/clean-green\/","og_locale":"hr_HR","og_type":"article","og_title":"CLEAN GREEN - Clean Green","og_description":"Trebate \u010di\u0161\u0107enje ? CLEAN GREEN obrt za osnovno \u010di\u0161\u0107enje zgrada informacije i kontakt Put od Fortica 135, Pula Istarska info@cleangreen.hr +385 92 370 1359 pratite nas Facebook Instagram Dobrodo\u0161li na na\u0161u stranicu! Clean Green specijaliziran je za pru\u017eanje usluga \u010di\u0161\u0107enja i edukacija koje \u0107e vam pomo\u0107i da startate profitabilno u biznis \u010di\u0161\u0107enja. Bez obzira na [&hellip;]","og_url":"https:\/\/cleangreen.hr\/index.php\/clean-green\/","og_site_name":"Clean Green","article_publisher":"https:\/\/www.facebook.com\/people\/Clean-Green\/61557228516021\/","article_modified_time":"2024-09-29T13:09:12+00:00","og_image":[{"width":158,"height":100,"url":"https:\/\/cleangreen.hr\/wp-content\/uploads\/2024\/03\/logo-novo2.png","type":"image\/png"}],"twitter_card":"summary_large_image","twitter_misc":{"Procijenjeno vrijeme \u010ditanja":"1 minuta"},"schema":{"@context":"https:\/\/schema.org","@graph":[{"@type":"WebPage","@id":"https:\/\/cleangreen.hr\/index.php\/clean-green\/","url":"https:\/\/cleangreen.hr\/index.php\/clean-green\/","name":"CLEAN GREEN - Clean Green","isPartOf":{"@id":"https:\/\/cleangreen.hr\/#website"},"datePublished":"2024-03-25T09:45:55+00:00","dateModified":"2024-09-29T13:09:12+00:00","breadcrumb":{"@id":"https:\/\/cleangreen.hr\/index.php\/clean-green\/#breadcrumb"},"inLanguage":"hr","potentialAction":[{"@type":"ReadAction","target":["https:\/\/cleangreen.hr\/index.php\/clean-green\/"]}]},{"@type":"BreadcrumbList","@id":"https:\/\/cleangreen.hr\/index.php\/clean-green\/#breadcrumb","itemListElement":[{"@type":"ListItem","position":1,"name":"Po\u010detna stranica","item":"https:\/\/cleangreen.hr\/"},{"@type":"ListItem","position":2,"name":"CLEAN GREEN"}]},{"@type":"WebSite","@id":"https:\/\/cleangreen.hr\/#website","url":"https:\/\/cleangreen.hr\/","name":"Clean Green","description":"","publisher":{"@id":"https:\/\/cleangreen.hr\/#organization"},"potentialAction":[{"@type":"SearchAction","target":{"@type":"EntryPoint","urlTemplate":"https:\/\/cleangreen.hr\/?s={search_term_string}"},"query-input":{"@type":"PropertyValueSpecification","valueRequired":true,"valueName":"search_term_string"}}],"inLanguage":"hr"},{"@type":"Organization","@id":"https:\/\/cleangreen.hr\/#organization","name":"Clean Green","url":"https:\/\/cleangreen.hr\/","logo":{"@type":"ImageObject","inLanguage":"hr","@id":"https:\/\/cleangreen.hr\/#\/schema\/logo\/image\/","url":"https:\/\/cleangreen.hr\/wp-content\/uploads\/2024\/03\/logo-novo2.png","contentUrl":"https:\/\/cleangreen.hr\/wp-content\/uploads\/2024\/03\/logo-novo2.png","width":158,"height":100,"caption":"Clean Green"},"image":{"@id":"https:\/\/cleangreen.hr\/#\/schema\/logo\/image\/"},"sameAs":["https:\/\/www.facebook.com\/people\/Clean-Green\/61557228516021\/"]}]}},"_links":{"self":[{"href":"https:\/\/cleangreen.hr\/index.php\/wp-json\/wp\/v2\/pages\/8","targetHints":{"allow":["GET"]}}],"collection":[{"href":"https:\/\/cleangreen.hr\/index.php\/wp-json\/wp\/v2\/pages"}],"about":[{"href":"https:\/\/cleangreen.hr\/index.php\/wp-json\/wp\/v2\/types\/page"}],"author":[{"embeddable":true,"href":"https:\/\/cleangreen.hr\/index.php\/wp-json\/wp\/v2\/users\/1"}],"replies":[{"embeddable":true,"href":"https:\/\/cleangreen.hr\/index.php\/wp-json\/wp\/v2\/comments?post=8"}],"version-history":[{"count":128,"href":"https:\/\/cleangreen.hr\/index.php\/wp-json\/wp\/v2\/pages\/8\/revisions"}],"predecessor-version":[{"id":377,"href":"https:\/\/cleangreen.hr\/index.php\/wp-json\/wp\/v2\/pages\/8\/revisions\/377"}],"wp:attachment":[{"href":"https:\/\/cleangreen.hr\/index.php\/wp-json\/wp\/v2\/media?parent=8"}],"curies":[{"name":"wp","href":"https:\/\/api.w.org\/{rel}","templated":true}]}}