{"id":445,"date":"2025-04-10T22:28:21","date_gmt":"2025-04-10T22:28:21","guid":{"rendered":"https:\/\/cleangreen.hr\/?page_id=445"},"modified":"2026-02-15T18:04:55","modified_gmt":"2026-02-15T18:04:55","slug":"kontakt","status":"publish","type":"page","link":"https:\/\/cleangreen.hr\/index.php\/kontakt\/","title":{"rendered":"Kontakt"},"content":{"rendered":"\t\t<div data-elementor-type=\"wp-page\" data-elementor-id=\"445\" class=\"elementor elementor-445\" data-elementor-post-type=\"page\">\n\t\t\t\t<div class=\"elementor-element elementor-element-578eca1 e-flex e-con-boxed e-con e-parent\" data-id=\"578eca1\" data-element_type=\"container\" data-settings=\"{&quot;background_background&quot;:&quot;classic&quot;}\">\n\t\t\t\t\t<div class=\"e-con-inner\">\n\t\t<div class=\"elementor-element elementor-element-a5c9b8e e-con-full e-flex e-con e-child\" data-id=\"a5c9b8e\" data-element_type=\"container\">\n\t\t\t\t<div class=\"elementor-element elementor-element-c95d127 elementor-widget elementor-widget-heading\" data-id=\"c95d127\" data-element_type=\"widget\" data-widget_type=\"heading.default\">\n\t\t\t\t<div class=\"elementor-widget-container\">\n\t\t\t\t\t<h2 class=\"elementor-heading-title elementor-size-default\">Tu smo za vas \u2013 edukacija, savjet i usluge \u010di\u0161\u0107enja\n<\/h2>\t\t\t\t<\/div>\n\t\t\t\t<\/div>\n\t\t\t\t<\/div>\n\t\t\t\t<div class=\"elementor-element elementor-element-03cec50 elementor-widget elementor-widget-text-editor\" data-id=\"03cec50\" data-element_type=\"widget\" data-widget_type=\"text-editor.default\">\n\t\t\t\t<div class=\"elementor-widget-container\">\n\t\t\t\t\t\t\t\t\t<p>Imate pitanje o edukacijama za pokretanje ili unaprje\u0111enje biznisa \u010di\u0161\u0107enja?<br \/>Zanima vas kako do\u0107i do prvih klijenata, \u0161to vam treba za start, ili kako educirati svoj tim?<\/p>\t\t\t\t\t\t\t\t<\/div>\n\t\t\t\t<\/div>\n\t\t\t\t\t<\/div>\n\t\t\t\t<\/div>\n\t\t<div class=\"elementor-element elementor-element-2668935 e-flex e-con-boxed e-con e-parent\" data-id=\"2668935\" data-element_type=\"container\">\n\t\t\t\t\t<div class=\"e-con-inner\">\n\t\t\t\t<div class=\"elementor-element elementor-element-3f9236a elementor-widget elementor-widget-heading\" data-id=\"3f9236a\" data-element_type=\"widget\" data-widget_type=\"heading.default\">\n\t\t\t\t<div class=\"elementor-widget-container\">\n\t\t\t\t\t<h2 class=\"elementor-heading-title elementor-size-default\">Clean Green je ovdje za vas \u2013 kao podr\u0161ka u svakom koraku va\u0161eg poslovanja.\n<\/h2>\t\t\t\t<\/div>\n\t\t\t\t<\/div>\n\t\t\t\t<div class=\"elementor-element elementor-element-005ab76 elementor-widget elementor-widget-text-editor\" data-id=\"005ab76\" data-element_type=\"widget\" data-widget_type=\"text-editor.default\">\n\t\t\t\t<div class=\"elementor-widget-container\">\n\t\t\t\t\t\t\t\t\t<p>Javite nam se i otkrijte kako mo\u017eemo pomo\u0107i kroz konkretne alate, vodi\u010de i online edukacije \u2013 prilago\u0111ene hrvatskom tr\u017ei\u0161tu.<\/p><p><span style=\"font-weight: 400;\">Tako\u0111er, ako trebate pouzdanu i profesionalnu uslugu \u010di\u0161\u0107enja doma ili poslovnog prostora, slobodno nam po\u0161aljite upit. Nudimo kvalitetne, fleksibilne pakete i dodatne usluge prilago\u0111ene va\u0161im stvarnim potrebama.<\/span><\/p><p><span style=\"font-weight: 400;\">Brzo odgovaramo, slu\u0161amo va\u0161e potrebe i rado gradimo suradnje temeljene na povjerenju.<\/span><\/p><p><span style=\"font-weight: 400;\">Va\u0161a poruka je prvi korak prema \u010di\u0161\u0107em, organiziranijem i uspje\u0161nijem poslovanju.<\/span><\/p>\t\t\t\t\t\t\t\t<\/div>\n\t\t\t\t<\/div>\n\t\t\t\t\t<\/div>\n\t\t\t\t<\/div>\n\t\t<div class=\"elementor-element elementor-element-06ad3bf e-flex e-con-boxed e-con e-parent\" data-id=\"06ad3bf\" data-element_type=\"container\">\n\t\t\t\t\t<div class=\"e-con-inner\">\n\t\t<div class=\"elementor-element elementor-element-5676ad8 e-con-full e-flex e-con e-child\" data-id=\"5676ad8\" data-element_type=\"container\">\n\t\t\t\t<div class=\"elementor-element elementor-element-7c05dde elementor-widget elementor-widget-text-editor\" data-id=\"7c05dde\" data-element_type=\"widget\" data-widget_type=\"text-editor.default\">\n\t\t\t\t<div class=\"elementor-widget-container\">\n\t\t\t\t\t\t\t\t\t<div class=\"_tooltip\" title=\"\"><span class=\"naziv\">CLEAN GREEN, obrt za osnovno \u010di\u0161\u0107enje zgrada, vl. Ru\u017eica Ivan\u010devi\u0107<\/span><\/div>\t\t\t\t\t\t\t\t<\/div>\n\t\t\t\t<\/div>\n\t\t\t\t<div class=\"elementor-element elementor-element-4112e61 elementor-widget elementor-widget-text-editor\" data-id=\"4112e61\" data-element_type=\"widget\" data-widget_type=\"text-editor.default\">\n\t\t\t\t<div class=\"elementor-widget-container\">\n\t\t\t\t\t\t\t\t\t<div class=\"_tooltip\" title=\"\"><span class=\"naziv\"><span class=\"naziv\"><strong>Adresa:<\/strong> PUT OD FORTICA 135, 52100 PULA<br \/><\/span><\/span><\/div>\t\t\t\t\t\t\t\t<\/div>\n\t\t\t\t<\/div>\n\t\t\t\t<div class=\"elementor-element elementor-element-5fff738 elementor-widget elementor-widget-text-editor\" data-id=\"5fff738\" data-element_type=\"widget\" data-widget_type=\"text-editor.default\">\n\t\t\t\t<div class=\"elementor-widget-container\">\n\t\t\t\t\t\t\t\t\t<div class=\"_tooltip\" title=\"\"><span class=\"naziv\"><span class=\"naziv\"><strong>Email:<\/strong> <a href=\"mailto:info@cleangreen.hr\">info@cleangreen.hr<\/a><br \/><\/span><\/span><\/div>\t\t\t\t\t\t\t\t<\/div>\n\t\t\t\t<\/div>\n\t\t\t\t<div class=\"elementor-element elementor-element-2b14e5d elementor-widget elementor-widget-text-editor\" data-id=\"2b14e5d\" data-element_type=\"widget\" data-widget_type=\"text-editor.default\">\n\t\t\t\t<div class=\"elementor-widget-container\">\n\t\t\t\t\t\t\t\t\t<div class=\"_tooltip\" title=\"\"><span class=\"naziv\"><span class=\"naziv\"><span class=\"naziv\"><strong>Mobitel: <\/strong><\/span><\/span><\/span><a href=\"tel:00385923701359\">+385 92 370 1359<\/a><span class=\"naziv\"><span class=\"naziv\"><br \/><\/span><\/span><\/div>\t\t\t\t\t\t\t\t<\/div>\n\t\t\t\t<\/div>\n\t\t\t\t<div class=\"elementor-element elementor-element-3bcd131 elementor-widget elementor-widget-text-editor\" data-id=\"3bcd131\" data-element_type=\"widget\" data-widget_type=\"text-editor.default\">\n\t\t\t\t<div class=\"elementor-widget-container\">\n\t\t\t\t\t\t\t\t\t<div class=\"_tooltip\" title=\"\"><span class=\"naziv\"><span class=\"naziv\"><strong>OIB:<\/strong> 35147515843<br \/><\/span><\/span><\/div>\t\t\t\t\t\t\t\t<\/div>\n\t\t\t\t<\/div>\n\t\t\t\t<\/div>\n\t\t<div class=\"elementor-element elementor-element-78711c2 e-con-full e-flex e-con e-child\" data-id=\"78711c2\" data-element_type=\"container\">\n\t\t\t\t<div class=\"elementor-element elementor-element-1add1b5 elementor-button-align-center elementor-widget elementor-widget-form\" data-id=\"1add1b5\" data-element_type=\"widget\" data-settings=\"{&quot;step_next_label&quot;:&quot;Next&quot;,&quot;step_previous_label&quot;:&quot;Previous&quot;,&quot;button_width&quot;:&quot;100&quot;,&quot;step_type&quot;:&quot;number_text&quot;,&quot;step_icon_shape&quot;:&quot;circle&quot;}\" data-widget_type=\"form.default\">\n\t\t\t\t<div class=\"elementor-widget-container\">\n\t\t\t\t\t\t\t<form class=\"elementor-form\" method=\"post\" name=\"New Form\">\n\t\t\t<input type=\"hidden\" name=\"post_id\" value=\"445\"\/>\n\t\t\t<input type=\"hidden\" name=\"form_id\" value=\"1add1b5\"\/>\n\t\t\t<input type=\"hidden\" name=\"referer_title\" value=\"Clean Green\" \/>\n\n\t\t\t\n\t\t\t<div class=\"elementor-form-fields-wrapper elementor-labels-above\">\n\t\t\t\t\t\t\t\t<div class=\"elementor-field-type-text elementor-field-group elementor-column elementor-field-group-name elementor-col-100\">\n\t\t\t\t\t\t\t\t\t\t\t\t\t<input size=\"1\" type=\"text\" name=\"form_fields[name]\" id=\"form-field-name\" class=\"elementor-field elementor-size-sm  elementor-field-textual\" placeholder=\"Ime i prezime\">\n\t\t\t\t\t\t\t\t\t\t\t<\/div>\n\t\t\t\t\t\t\t\t<div class=\"elementor-field-type-email elementor-field-group elementor-column elementor-field-group-email elementor-col-100 elementor-field-required\">\n\t\t\t\t\t\t\t\t\t\t\t\t\t<input size=\"1\" type=\"email\" name=\"form_fields[email]\" id=\"form-field-email\" class=\"elementor-field elementor-size-sm  elementor-field-textual\" placeholder=\"Email\" required=\"required\" aria-required=\"true\">\n\t\t\t\t\t\t\t\t\t\t\t<\/div>\n\t\t\t\t\t\t\t\t<div class=\"elementor-field-type-textarea elementor-field-group elementor-column elementor-field-group-message elementor-col-100\">\n\t\t\t\t\t<textarea class=\"elementor-field-textual elementor-field  elementor-size-sm\" name=\"form_fields[message]\" id=\"form-field-message\" rows=\"6\" placeholder=\"Napi\u0161ite svoju poruku...\"><\/textarea>\t\t\t\t<\/div>\n\t\t\t\t\t\t\t\t<div class=\"elementor-field-type-checkbox elementor-field-group elementor-column elementor-field-group-field_179fe66 elementor-col-100\">\n\t\t\t\t\t<div class=\"elementor-field-subgroup  \"><span class=\"elementor-field-option\"><input type=\"checkbox\" value=\"Slanjem upita putem ovog obrasca potvr\u0111ujete kako ste upoznati s Pravila o privatnosti na\u0161e tvrtke\" id=\"form-field-field_179fe66-0\" name=\"form_fields[field_179fe66]\"> <label for=\"form-field-field_179fe66-0\">Slanjem upita putem ovog obrasca potvr\u0111ujete kako ste upoznati s Pravila o privatnosti na\u0161e tvrtke<\/label><\/span><\/div>\t\t\t\t<\/div>\n\t\t\t\t\t\t\t\t<div class=\"elementor-field-group elementor-column elementor-field-type-submit elementor-col-100 e-form__buttons\">\n\t\t\t\t\t<button class=\"elementor-button elementor-size-sm\" type=\"submit\">\n\t\t\t\t\t\t<span class=\"elementor-button-content-wrapper\">\n\t\t\t\t\t\t\t\t\t\t\t\t\t\t\t\t\t\t\t\t\t\t<span class=\"elementor-button-text\">Po\u0161alji<\/span>\n\t\t\t\t\t\t\t\t\t\t\t\t\t<\/span>\n\t\t\t\t\t<\/button>\n\t\t\t\t<\/div>\n\t\t\t<\/div>\n\t\t<\/form>\n\t\t\t\t\t\t<\/div>\n\t\t\t\t<\/div>\n\t\t\t\t<\/div>\n\t\t\t\t\t<\/div>\n\t\t\t\t<\/div>\n\t\t\t\t<\/div>\n\t\t","protected":false},"excerpt":{"rendered":"<p>Tu smo za vas \u2013 edukacija, savjet i usluge \u010di\u0161\u0107enja Imate pitanje o edukacijama za pokretanje ili unaprje\u0111enje biznisa \u010di\u0161\u0107enja?Zanima vas kako do\u0107i do prvih klijenata, \u0161to vam treba za start, ili kako educirati svoj tim? Clean Green je ovdje za vas \u2013 kao podr\u0161ka u svakom koraku va\u0161eg poslovanja. Javite nam se i otkrijte [&hellip;]<\/p>\n","protected":false},"author":2,"featured_media":0,"parent":0,"menu_order":0,"comment_status":"closed","ping_status":"closed","template":"elementor_header_footer","meta":{"footnotes":""},"class_list":["post-445","page","type-page","status-publish","hentry"],"yoast_head":"<!-- This site is optimized with the Yoast SEO plugin v26.9 - https:\/\/yoast.com\/product\/yoast-seo-wordpress\/ -->\n<title>Kontakt - Clean Green<\/title>\n<meta name=\"robots\" content=\"index, follow, max-snippet:-1, max-image-preview:large, max-video-preview:-1\" \/>\n<link rel=\"canonical\" href=\"https:\/\/cleangreen.hr\/index.php\/kontakt\/\" \/>\n<meta property=\"og:locale\" content=\"hr_HR\" \/>\n<meta property=\"og:type\" content=\"article\" \/>\n<meta property=\"og:title\" content=\"Kontakt - Clean Green\" \/>\n<meta property=\"og:description\" content=\"Tu smo za vas \u2013 edukacija, savjet i usluge \u010di\u0161\u0107enja Imate pitanje o edukacijama za pokretanje ili unaprje\u0111enje biznisa \u010di\u0161\u0107enja?Zanima vas kako do\u0107i do prvih klijenata, \u0161to vam treba za start, ili kako educirati svoj tim? Clean Green je ovdje za vas \u2013 kao podr\u0161ka u svakom koraku va\u0161eg poslovanja. Javite nam se i otkrijte [&hellip;]\" \/>\n<meta property=\"og:url\" content=\"https:\/\/cleangreen.hr\/index.php\/kontakt\/\" \/>\n<meta property=\"og:site_name\" content=\"Clean Green\" \/>\n<meta property=\"article:publisher\" content=\"https:\/\/www.facebook.com\/people\/Clean-Green\/61557228516021\/\" \/>\n<meta property=\"article:modified_time\" content=\"2026-02-15T18:04:55+00:00\" \/>\n<meta property=\"og:image\" content=\"https:\/\/cleangreen.hr\/wp-content\/uploads\/2024\/03\/logo-novo2.png\" \/>\n\t<meta property=\"og:image:width\" content=\"158\" \/>\n\t<meta property=\"og:image:height\" content=\"100\" \/>\n\t<meta property=\"og:image:type\" content=\"image\/png\" \/>\n<meta name=\"twitter:card\" content=\"summary_large_image\" \/>\n<meta name=\"twitter:label1\" content=\"Procijenjeno vrijeme \u010ditanja\" \/>\n\t<meta name=\"twitter:data1\" content=\"1 minuta\" \/>\n<script type=\"application\/ld+json\" class=\"yoast-schema-graph\">{\"@context\":\"https:\/\/schema.org\",\"@graph\":[{\"@type\":\"WebPage\",\"@id\":\"https:\/\/cleangreen.hr\/index.php\/kontakt\/\",\"url\":\"https:\/\/cleangreen.hr\/index.php\/kontakt\/\",\"name\":\"Kontakt - Clean Green\",\"isPartOf\":{\"@id\":\"https:\/\/cleangreen.hr\/#website\"},\"datePublished\":\"2025-04-10T22:28:21+00:00\",\"dateModified\":\"2026-02-15T18:04:55+00:00\",\"breadcrumb\":{\"@id\":\"https:\/\/cleangreen.hr\/index.php\/kontakt\/#breadcrumb\"},\"inLanguage\":\"hr\",\"potentialAction\":[{\"@type\":\"ReadAction\",\"target\":[\"https:\/\/cleangreen.hr\/index.php\/kontakt\/\"]}]},{\"@type\":\"BreadcrumbList\",\"@id\":\"https:\/\/cleangreen.hr\/index.php\/kontakt\/#breadcrumb\",\"itemListElement\":[{\"@type\":\"ListItem\",\"position\":1,\"name\":\"Po\u010detna stranica\",\"item\":\"https:\/\/cleangreen.hr\/\"},{\"@type\":\"ListItem\",\"position\":2,\"name\":\"Kontakt\"}]},{\"@type\":\"WebSite\",\"@id\":\"https:\/\/cleangreen.hr\/#website\",\"url\":\"https:\/\/cleangreen.hr\/\",\"name\":\"Clean Green\",\"description\":\"\",\"publisher\":{\"@id\":\"https:\/\/cleangreen.hr\/#organization\"},\"potentialAction\":[{\"@type\":\"SearchAction\",\"target\":{\"@type\":\"EntryPoint\",\"urlTemplate\":\"https:\/\/cleangreen.hr\/?s={search_term_string}\"},\"query-input\":{\"@type\":\"PropertyValueSpecification\",\"valueRequired\":true,\"valueName\":\"search_term_string\"}}],\"inLanguage\":\"hr\"},{\"@type\":\"Organization\",\"@id\":\"https:\/\/cleangreen.hr\/#organization\",\"name\":\"Clean Green\",\"url\":\"https:\/\/cleangreen.hr\/\",\"logo\":{\"@type\":\"ImageObject\",\"inLanguage\":\"hr\",\"@id\":\"https:\/\/cleangreen.hr\/#\/schema\/logo\/image\/\",\"url\":\"https:\/\/cleangreen.hr\/wp-content\/uploads\/2024\/03\/logo-novo2.png\",\"contentUrl\":\"https:\/\/cleangreen.hr\/wp-content\/uploads\/2024\/03\/logo-novo2.png\",\"width\":158,\"height\":100,\"caption\":\"Clean Green\"},\"image\":{\"@id\":\"https:\/\/cleangreen.hr\/#\/schema\/logo\/image\/\"},\"sameAs\":[\"https:\/\/www.facebook.com\/people\/Clean-Green\/61557228516021\/\"]}]}<\/script>\n<!-- \/ Yoast SEO plugin. -->","yoast_head_json":{"title":"Kontakt - Clean Green","robots":{"index":"index","follow":"follow","max-snippet":"max-snippet:-1","max-image-preview":"max-image-preview:large","max-video-preview":"max-video-preview:-1"},"canonical":"https:\/\/cleangreen.hr\/index.php\/kontakt\/","og_locale":"hr_HR","og_type":"article","og_title":"Kontakt - Clean Green","og_description":"Tu smo za vas \u2013 edukacija, savjet i usluge \u010di\u0161\u0107enja Imate pitanje o edukacijama za pokretanje ili unaprje\u0111enje biznisa \u010di\u0161\u0107enja?Zanima vas kako do\u0107i do prvih klijenata, \u0161to vam treba za start, ili kako educirati svoj tim? Clean Green je ovdje za vas \u2013 kao podr\u0161ka u svakom koraku va\u0161eg poslovanja. Javite nam se i otkrijte [&hellip;]","og_url":"https:\/\/cleangreen.hr\/index.php\/kontakt\/","og_site_name":"Clean Green","article_publisher":"https:\/\/www.facebook.com\/people\/Clean-Green\/61557228516021\/","article_modified_time":"2026-02-15T18:04:55+00:00","og_image":[{"width":158,"height":100,"url":"https:\/\/cleangreen.hr\/wp-content\/uploads\/2024\/03\/logo-novo2.png","type":"image\/png"}],"twitter_card":"summary_large_image","twitter_misc":{"Procijenjeno vrijeme \u010ditanja":"1 minuta"},"schema":{"@context":"https:\/\/schema.org","@graph":[{"@type":"WebPage","@id":"https:\/\/cleangreen.hr\/index.php\/kontakt\/","url":"https:\/\/cleangreen.hr\/index.php\/kontakt\/","name":"Kontakt - Clean Green","isPartOf":{"@id":"https:\/\/cleangreen.hr\/#website"},"datePublished":"2025-04-10T22:28:21+00:00","dateModified":"2026-02-15T18:04:55+00:00","breadcrumb":{"@id":"https:\/\/cleangreen.hr\/index.php\/kontakt\/#breadcrumb"},"inLanguage":"hr","potentialAction":[{"@type":"ReadAction","target":["https:\/\/cleangreen.hr\/index.php\/kontakt\/"]}]},{"@type":"BreadcrumbList","@id":"https:\/\/cleangreen.hr\/index.php\/kontakt\/#breadcrumb","itemListElement":[{"@type":"ListItem","position":1,"name":"Po\u010detna stranica","item":"https:\/\/cleangreen.hr\/"},{"@type":"ListItem","position":2,"name":"Kontakt"}]},{"@type":"WebSite","@id":"https:\/\/cleangreen.hr\/#website","url":"https:\/\/cleangreen.hr\/","name":"Clean Green","description":"","publisher":{"@id":"https:\/\/cleangreen.hr\/#organization"},"potentialAction":[{"@type":"SearchAction","target":{"@type":"EntryPoint","urlTemplate":"https:\/\/cleangreen.hr\/?s={search_term_string}"},"query-input":{"@type":"PropertyValueSpecification","valueRequired":true,"valueName":"search_term_string"}}],"inLanguage":"hr"},{"@type":"Organization","@id":"https:\/\/cleangreen.hr\/#organization","name":"Clean Green","url":"https:\/\/cleangreen.hr\/","logo":{"@type":"ImageObject","inLanguage":"hr","@id":"https:\/\/cleangreen.hr\/#\/schema\/logo\/image\/","url":"https:\/\/cleangreen.hr\/wp-content\/uploads\/2024\/03\/logo-novo2.png","contentUrl":"https:\/\/cleangreen.hr\/wp-content\/uploads\/2024\/03\/logo-novo2.png","width":158,"height":100,"caption":"Clean Green"},"image":{"@id":"https:\/\/cleangreen.hr\/#\/schema\/logo\/image\/"},"sameAs":["https:\/\/www.facebook.com\/people\/Clean-Green\/61557228516021\/"]}]}},"_links":{"self":[{"href":"https:\/\/cleangreen.hr\/index.php\/wp-json\/wp\/v2\/pages\/445","targetHints":{"allow":["GET"]}}],"collection":[{"href":"https:\/\/cleangreen.hr\/index.php\/wp-json\/wp\/v2\/pages"}],"about":[{"href":"https:\/\/cleangreen.hr\/index.php\/wp-json\/wp\/v2\/types\/page"}],"author":[{"embeddable":true,"href":"https:\/\/cleangreen.hr\/index.php\/wp-json\/wp\/v2\/users\/2"}],"replies":[{"embeddable":true,"href":"https:\/\/cleangreen.hr\/index.php\/wp-json\/wp\/v2\/comments?post=445"}],"version-history":[{"count":68,"href":"https:\/\/cleangreen.hr\/index.php\/wp-json\/wp\/v2\/pages\/445\/revisions"}],"predecessor-version":[{"id":2731,"href":"https:\/\/cleangreen.hr\/index.php\/wp-json\/wp\/v2\/pages\/445\/revisions\/2731"}],"wp:attachment":[{"href":"https:\/\/cleangreen.hr\/index.php\/wp-json\/wp\/v2\/media?parent=445"}],"curies":[{"name":"wp","href":"https:\/\/api.w.org\/{rel}","templated":true}]}}