{"id":2132,"date":"2025-05-25T23:58:50","date_gmt":"2025-05-25T23:58:50","guid":{"rendered":"https:\/\/cleangreen.hr\/?page_id=2132"},"modified":"2025-05-26T00:06:02","modified_gmt":"2025-05-26T00:06:02","slug":"impressum","status":"publish","type":"page","link":"https:\/\/cleangreen.hr\/index.php\/impressum\/","title":{"rendered":"Impressum"},"content":{"rendered":"\t\t<div data-elementor-type=\"wp-page\" data-elementor-id=\"2132\" class=\"elementor elementor-2132\" data-elementor-post-type=\"page\">\n\t\t\t\t<div class=\"elementor-element elementor-element-8442a3d e-flex e-con-boxed e-con e-parent\" data-id=\"8442a3d\" data-element_type=\"container\" data-e-type=\"container\">\n\t\t\t\t\t<div class=\"e-con-inner\">\n\t\t<div class=\"elementor-element elementor-element-c802f82 e-con-full e-flex e-con e-child\" data-id=\"c802f82\" data-element_type=\"container\" data-e-type=\"container\">\n\t\t\t\t<div class=\"elementor-element elementor-element-957fe75 elementor-widget__width-inherit elementor-widget elementor-widget-heading\" data-id=\"957fe75\" data-element_type=\"widget\" data-e-type=\"widget\" data-widget_type=\"heading.default\">\n\t\t\t\t<div class=\"elementor-widget-container\">\n\t\t\t\t\t<h2 class=\"elementor-heading-title elementor-size-default\">Impressum<\/h2>\t\t\t\t<\/div>\n\t\t\t\t<\/div>\n\t\t\t\t<div class=\"elementor-element elementor-element-d5a2917 elementor-widget__width-initial elementor-widget-mobile__width-inherit elementor-widget elementor-widget-text-editor\" data-id=\"d5a2917\" data-element_type=\"widget\" data-e-type=\"widget\" data-widget_type=\"text-editor.default\">\n\t\t\t\t<div class=\"elementor-widget-container\">\n\t\t\t\t\t\t\t\t\t<ul><li data-sourcepos=\"23:1-23:48\"><strong>Naziv obrta: <\/strong>CLEAN GREEN, obrt za osnovno \u010di\u0161\u0107enje zgrada, vl. Ru\u017eica Ivan\u010devi\u0107<\/li><li data-sourcepos=\"24:1-24:35\"><strong>Sjedi\u0161te obrta: <\/strong>PUT OD FORTICA 135, 52100 PULA<\/li><li data-sourcepos=\"25:1-25:132\"><strong>Upravno tijelo:<\/strong> UPRAVNI ODJEL ZA GOSPODARSTVO PULA (PULA)<\/li><li data-sourcepos=\"25:1-25:132\"><strong>Mati\u010dni broj obrta (MBO): <\/strong>98748416<\/li><li data-sourcepos=\"26:1-26:56\"><strong>OIB: <\/strong>35147515843<\/li><li data-sourcepos=\"27:1-27:66\"><strong>Email:<\/strong> info@cleangreen.hr<\/li><li data-sourcepos=\"27:1-27:66\"><strong>Telefon:<\/strong> +385 92 370 1359<\/li><\/ul>\t\t\t\t\t\t\t\t<\/div>\n\t\t\t\t<\/div>\n\t\t\t\t<\/div>\n\t\t\t\t\t<\/div>\n\t\t\t\t<\/div>\n\t\t\t\t<\/div>\n\t\t","protected":false},"excerpt":{"rendered":"<p>Impressum Naziv obrta: CLEAN GREEN, obrt za osnovno \u010di\u0161\u0107enje zgrada, vl. Ru\u017eica Ivan\u010devi\u0107 Sjedi\u0161te obrta: PUT OD FORTICA 135, 52100 PULA Upravno tijelo: UPRAVNI ODJEL ZA GOSPODARSTVO PULA (PULA) Mati\u010dni broj obrta (MBO): 98748416 OIB: 35147515843 Email: info@cleangreen.hr Telefon: +385 92 370 1359<\/p>\n","protected":false},"author":2,"featured_media":0,"parent":0,"menu_order":0,"comment_status":"closed","ping_status":"closed","template":"elementor_header_footer","meta":{"footnotes":""},"class_list":["post-2132","page","type-page","status-publish","hentry"],"yoast_head":"<!-- This site is optimized with the Yoast SEO plugin v27.5 - https:\/\/yoast.com\/product\/yoast-seo-wordpress\/ -->\n<title>Impressum - Clean Green<\/title>\n<meta name=\"robots\" content=\"index, follow, max-snippet:-1, max-image-preview:large, max-video-preview:-1\" \/>\n<link rel=\"canonical\" href=\"https:\/\/cleangreen.hr\/index.php\/impressum\/\" \/>\n<meta property=\"og:locale\" content=\"hr_HR\" \/>\n<meta property=\"og:type\" content=\"article\" \/>\n<meta property=\"og:title\" content=\"Impressum - Clean Green\" \/>\n<meta property=\"og:description\" content=\"Impressum Naziv obrta: CLEAN GREEN, obrt za osnovno \u010di\u0161\u0107enje zgrada, vl. Ru\u017eica Ivan\u010devi\u0107 Sjedi\u0161te obrta: PUT OD FORTICA 135, 52100 PULA Upravno tijelo: UPRAVNI ODJEL ZA GOSPODARSTVO PULA (PULA) Mati\u010dni broj obrta (MBO): 98748416 OIB: 35147515843 Email: info@cleangreen.hr Telefon: +385 92 370 1359\" \/>\n<meta property=\"og:url\" content=\"https:\/\/cleangreen.hr\/index.php\/impressum\/\" \/>\n<meta property=\"og:site_name\" content=\"Clean Green\" \/>\n<meta property=\"article:publisher\" content=\"https:\/\/www.facebook.com\/people\/Clean-Green\/61557228516021\/\" \/>\n<meta property=\"article:modified_time\" content=\"2025-05-26T00:06:02+00:00\" \/>\n<meta property=\"og:image\" content=\"https:\/\/cleangreen.hr\/wp-content\/uploads\/2024\/03\/logo-novo2.png\" \/>\n\t<meta property=\"og:image:width\" content=\"158\" \/>\n\t<meta property=\"og:image:height\" content=\"100\" \/>\n\t<meta property=\"og:image:type\" content=\"image\/png\" \/>\n<meta name=\"twitter:card\" content=\"summary_large_image\" \/>\n<script type=\"application\/ld+json\" class=\"yoast-schema-graph\">{\"@context\":\"https:\\\/\\\/schema.org\",\"@graph\":[{\"@type\":\"WebPage\",\"@id\":\"https:\\\/\\\/cleangreen.hr\\\/index.php\\\/impressum\\\/\",\"url\":\"https:\\\/\\\/cleangreen.hr\\\/index.php\\\/impressum\\\/\",\"name\":\"Impressum - Clean Green\",\"isPartOf\":{\"@id\":\"https:\\\/\\\/cleangreen.hr\\\/#website\"},\"datePublished\":\"2025-05-25T23:58:50+00:00\",\"dateModified\":\"2025-05-26T00:06:02+00:00\",\"breadcrumb\":{\"@id\":\"https:\\\/\\\/cleangreen.hr\\\/index.php\\\/impressum\\\/#breadcrumb\"},\"inLanguage\":\"hr\",\"potentialAction\":[{\"@type\":\"ReadAction\",\"target\":[\"https:\\\/\\\/cleangreen.hr\\\/index.php\\\/impressum\\\/\"]}]},{\"@type\":\"BreadcrumbList\",\"@id\":\"https:\\\/\\\/cleangreen.hr\\\/index.php\\\/impressum\\\/#breadcrumb\",\"itemListElement\":[{\"@type\":\"ListItem\",\"position\":1,\"name\":\"Po\u010detna stranica\",\"item\":\"https:\\\/\\\/cleangreen.hr\\\/\"},{\"@type\":\"ListItem\",\"position\":2,\"name\":\"Impressum\"}]},{\"@type\":\"WebSite\",\"@id\":\"https:\\\/\\\/cleangreen.hr\\\/#website\",\"url\":\"https:\\\/\\\/cleangreen.hr\\\/\",\"name\":\"Clean Green\",\"description\":\"\",\"publisher\":{\"@id\":\"https:\\\/\\\/cleangreen.hr\\\/#organization\"},\"potentialAction\":[{\"@type\":\"SearchAction\",\"target\":{\"@type\":\"EntryPoint\",\"urlTemplate\":\"https:\\\/\\\/cleangreen.hr\\\/?s={search_term_string}\"},\"query-input\":{\"@type\":\"PropertyValueSpecification\",\"valueRequired\":true,\"valueName\":\"search_term_string\"}}],\"inLanguage\":\"hr\"},{\"@type\":\"Organization\",\"@id\":\"https:\\\/\\\/cleangreen.hr\\\/#organization\",\"name\":\"Clean Green\",\"url\":\"https:\\\/\\\/cleangreen.hr\\\/\",\"logo\":{\"@type\":\"ImageObject\",\"inLanguage\":\"hr\",\"@id\":\"https:\\\/\\\/cleangreen.hr\\\/#\\\/schema\\\/logo\\\/image\\\/\",\"url\":\"https:\\\/\\\/cleangreen.hr\\\/wp-content\\\/uploads\\\/2024\\\/03\\\/logo-novo2.png\",\"contentUrl\":\"https:\\\/\\\/cleangreen.hr\\\/wp-content\\\/uploads\\\/2024\\\/03\\\/logo-novo2.png\",\"width\":158,\"height\":100,\"caption\":\"Clean Green\"},\"image\":{\"@id\":\"https:\\\/\\\/cleangreen.hr\\\/#\\\/schema\\\/logo\\\/image\\\/\"},\"sameAs\":[\"https:\\\/\\\/www.facebook.com\\\/people\\\/Clean-Green\\\/61557228516021\\\/\"]}]}<\/script>\n<!-- \/ Yoast SEO plugin. -->","yoast_head_json":{"title":"Impressum - Clean Green","robots":{"index":"index","follow":"follow","max-snippet":"max-snippet:-1","max-image-preview":"max-image-preview:large","max-video-preview":"max-video-preview:-1"},"canonical":"https:\/\/cleangreen.hr\/index.php\/impressum\/","og_locale":"hr_HR","og_type":"article","og_title":"Impressum - Clean Green","og_description":"Impressum Naziv obrta: CLEAN GREEN, obrt za osnovno \u010di\u0161\u0107enje zgrada, vl. Ru\u017eica Ivan\u010devi\u0107 Sjedi\u0161te obrta: PUT OD FORTICA 135, 52100 PULA Upravno tijelo: UPRAVNI ODJEL ZA GOSPODARSTVO PULA (PULA) Mati\u010dni broj obrta (MBO): 98748416 OIB: 35147515843 Email: info@cleangreen.hr Telefon: +385 92 370 1359","og_url":"https:\/\/cleangreen.hr\/index.php\/impressum\/","og_site_name":"Clean Green","article_publisher":"https:\/\/www.facebook.com\/people\/Clean-Green\/61557228516021\/","article_modified_time":"2025-05-26T00:06:02+00:00","og_image":[{"width":158,"height":100,"url":"https:\/\/cleangreen.hr\/wp-content\/uploads\/2024\/03\/logo-novo2.png","type":"image\/png"}],"twitter_card":"summary_large_image","schema":{"@context":"https:\/\/schema.org","@graph":[{"@type":"WebPage","@id":"https:\/\/cleangreen.hr\/index.php\/impressum\/","url":"https:\/\/cleangreen.hr\/index.php\/impressum\/","name":"Impressum - Clean Green","isPartOf":{"@id":"https:\/\/cleangreen.hr\/#website"},"datePublished":"2025-05-25T23:58:50+00:00","dateModified":"2025-05-26T00:06:02+00:00","breadcrumb":{"@id":"https:\/\/cleangreen.hr\/index.php\/impressum\/#breadcrumb"},"inLanguage":"hr","potentialAction":[{"@type":"ReadAction","target":["https:\/\/cleangreen.hr\/index.php\/impressum\/"]}]},{"@type":"BreadcrumbList","@id":"https:\/\/cleangreen.hr\/index.php\/impressum\/#breadcrumb","itemListElement":[{"@type":"ListItem","position":1,"name":"Po\u010detna stranica","item":"https:\/\/cleangreen.hr\/"},{"@type":"ListItem","position":2,"name":"Impressum"}]},{"@type":"WebSite","@id":"https:\/\/cleangreen.hr\/#website","url":"https:\/\/cleangreen.hr\/","name":"Clean Green","description":"","publisher":{"@id":"https:\/\/cleangreen.hr\/#organization"},"potentialAction":[{"@type":"SearchAction","target":{"@type":"EntryPoint","urlTemplate":"https:\/\/cleangreen.hr\/?s={search_term_string}"},"query-input":{"@type":"PropertyValueSpecification","valueRequired":true,"valueName":"search_term_string"}}],"inLanguage":"hr"},{"@type":"Organization","@id":"https:\/\/cleangreen.hr\/#organization","name":"Clean Green","url":"https:\/\/cleangreen.hr\/","logo":{"@type":"ImageObject","inLanguage":"hr","@id":"https:\/\/cleangreen.hr\/#\/schema\/logo\/image\/","url":"https:\/\/cleangreen.hr\/wp-content\/uploads\/2024\/03\/logo-novo2.png","contentUrl":"https:\/\/cleangreen.hr\/wp-content\/uploads\/2024\/03\/logo-novo2.png","width":158,"height":100,"caption":"Clean Green"},"image":{"@id":"https:\/\/cleangreen.hr\/#\/schema\/logo\/image\/"},"sameAs":["https:\/\/www.facebook.com\/people\/Clean-Green\/61557228516021\/"]}]}},"_links":{"self":[{"href":"https:\/\/cleangreen.hr\/index.php\/wp-json\/wp\/v2\/pages\/2132","targetHints":{"allow":["GET"]}}],"collection":[{"href":"https:\/\/cleangreen.hr\/index.php\/wp-json\/wp\/v2\/pages"}],"about":[{"href":"https:\/\/cleangreen.hr\/index.php\/wp-json\/wp\/v2\/types\/page"}],"author":[{"embeddable":true,"href":"https:\/\/cleangreen.hr\/index.php\/wp-json\/wp\/v2\/users\/2"}],"replies":[{"embeddable":true,"href":"https:\/\/cleangreen.hr\/index.php\/wp-json\/wp\/v2\/comments?post=2132"}],"version-history":[{"count":4,"href":"https:\/\/cleangreen.hr\/index.php\/wp-json\/wp\/v2\/pages\/2132\/revisions"}],"predecessor-version":[{"id":2137,"href":"https:\/\/cleangreen.hr\/index.php\/wp-json\/wp\/v2\/pages\/2132\/revisions\/2137"}],"wp:attachment":[{"href":"https:\/\/cleangreen.hr\/index.php\/wp-json\/wp\/v2\/media?parent=2132"}],"curies":[{"name":"wp","href":"https:\/\/api.w.org\/{rel}","templated":true}]}}